{"id":8,"date":"2020-03-08T19:15:30","date_gmt":"2020-03-08T18:15:30","guid":{"rendered":"http:\/\/kornati.kunden.webappjung.de\/?page_id=8"},"modified":"2022-01-22T17:53:33","modified_gmt":"2022-01-22T16:53:33","slug":"startseite","status":"publish","type":"page","link":"https:\/\/www.hauskornati.de\/","title":{"rendered":"Lage"},"content":{"rendered":"\n<p id=\"startseite\">Erste Reihe direkt am Meer:<\/p>\n\n\n\n<p>Das Haus Kornati befindet sich in einem kleinen Ort in Dalmatien, 8 km s\u00fcdlich von Biograd n.m. und 30 km s\u00fcdlich von Zadar (der Flughafen in Zadar wird u.a. regelm\u00e4\u00dfig von RyanAir angeflogen) in erster Reihe direkt am Meer. Eine kleine Kiesbucht sowie herrliche Badepl\u00e4tze mit Einstiegsleitern finden Sie in unmittelbarer N\u00e4he des Hauses, wenige Meter weiter befindet sich ein malerischer kleiner Fischerhafen und ein kleiner Spielplatz. Im Sommerhalbjahr werden hier auch eine Pizzeria (offen und \u00fcberdacht &#8211; tolles Panorama), eine Beach-Bar, ein Supermarkt und ein kleiner B\u00e4ckereikiosk betrieben &#8211; alles bequem und schnell zu Fu\u00df zu erreichen. <\/p>\n\n\n\n<p>Auch f\u00fcr sch\u00f6ne Ausfl\u00fcge ist unser Ferienhaus der perfekte Ausgangspunkt, z.B. einen Schiffsausflug ab der netten kleinen Stadt Biograd n.m. oder auch von der Insel Murter aus zum Nationalpark \u201eKornati&#8220;, eine Stadtbesichtigung\/Shopping in Zadar, einen Stadtausflug nach Split und Trogir, Inselausfl\u00fcge nach Murter, Pasman\/Ugljan u.v.m., zum gro\u00dfen Binnensee Vransko Jezero ganz in der N\u00e4he, Ausfl\u00fcge zum ber\u00fchmten Nationalpark Krka-Wasserf\u00e4lle oder zum Nationalpark Paklenica. Diese Liste lie\u00dfe sich noch lange fortsetzen!<\/p>\n\n\n\n<p>Ein Blick auf <a href=\"https:\/\/www.pakostane.hr\/de\">www.pakostane.hr<\/a> f\u00fcr Informationen zur unmittelbaren Umgebung lohnt sich. Hier finden Sie eine Auflistung der Str\u00e4nde, der St\u00e4dte, der Nationalparks, Gastrof\u00fchrer, Veranstaltungskalender, u.v.m.<\/p>\n","protected":false},"excerpt":{"rendered":"<p>Erste Reihe direkt am Meer: Das Haus Kornati befindet sich in einem kleinen Ort in Dalmatien, 8 km s\u00fcdlich von Biograd n.m. und 30 km s\u00fcdlich von Zadar (der Flughafen in Zadar wird u.a. regelm\u00e4\u00dfig von RyanAir angeflogen) in erster Reihe direkt am Meer. Eine kleine Kiesbucht sowie herrliche Badepl\u00e4tze mit Einstiegsleitern finden Sie in &hellip; <\/p>\n<p class=\"link-more\"><a href=\"https:\/\/www.hauskornati.de\/\" class=\"more-link\"><span class=\"screen-reader-text\">\u201eLage\u201c<\/span> weiterlesen<\/a><\/p>\n","protected":false},"author":1,"featured_media":0,"parent":0,"menu_order":0,"comment_status":"closed","ping_status":"closed","template":"","meta":{"footnotes":""},"_links":{"self":[{"href":"https:\/\/www.hauskornati.de\/index.php\/wp-json\/wp\/v2\/pages\/8"}],"collection":[{"href":"https:\/\/www.hauskornati.de\/index.php\/wp-json\/wp\/v2\/pages"}],"about":[{"href":"https:\/\/www.hauskornati.de\/index.php\/wp-json\/wp\/v2\/types\/page"}],"author":[{"embeddable":true,"href":"https:\/\/www.hauskornati.de\/index.php\/wp-json\/wp\/v2\/users\/1"}],"replies":[{"embeddable":true,"href":"https:\/\/www.hauskornati.de\/index.php\/wp-json\/wp\/v2\/comments?post=8"}],"version-history":[{"count":8,"href":"https:\/\/www.hauskornati.de\/index.php\/wp-json\/wp\/v2\/pages\/8\/revisions"}],"predecessor-version":[{"id":185,"href":"https:\/\/www.hauskornati.de\/index.php\/wp-json\/wp\/v2\/pages\/8\/revisions\/185"}],"wp:attachment":[{"href":"https:\/\/www.hauskornati.de\/index.php\/wp-json\/wp\/v2\/media?parent=8"}],"curies":[{"name":"wp","href":"https:\/\/api.w.org\/{rel}","templated":true}]}}